{"id":2024,"date":"2023-02-20T12:03:05","date_gmt":"2023-02-20T11:03:05","guid":{"rendered":"http:\/\/www.claire-ebendinger.fr\/?page_id=2024"},"modified":"2025-02-21T17:10:27","modified_gmt":"2025-02-21T16:10:27","slug":"residency-fish-factory-iceland","status":"publish","type":"page","link":"https:\/\/www.claire-ebendinger.fr\/?page_id=2024","title":{"rendered":"Fish Factory"},"content":{"rendered":"\n<h4 class=\"wp-block-heading\">One month residency in Iceland<\/h4>\n\n\n\n<p class=\"has-black-color has-text-color has-link-color wp-elements-f2350dc20f6b59e0d193708ae69b2af4\">In August 2022, I participated in a one month residency at the <a href=\"https:\/\/inhere.is\/2022\/09\/claire-edendinger\/\"><span style=\"text-decoration: underline;\">Fish Factory in St\u00f6\u00f0varfj\u00f6r\u00f0ur<\/span><\/a>, Iceland. I was very impressed by the location and the history of the building. It seemed to have had a very strong influence on the demographic and economic life of the village. I collected a sample of objects stored on site and started organizing formal interactions between them. In parallel, I photographed the way certain objects had been arranged in the landfill behind the harbour in Sey\u00f0isfj\u00f6r\u00f0ur, a neighboring Fj\u00f6rd. In their own industrial aesthetics, they follow a certain composition archetype \u2013a object on a pedestal\u2013, making them sculptures .<\/p>\n\n\n\n<p class=\"has-black-color has-text-color\">As stacking can go two-dimensionally I experimented with monotypes, using the fish conveyor belts as printing plates. By adding different layers, one obtains a richness of patterns that is reminiscent of fish scales. I liked to consider the similarity of movement between a fish conveyor belt and a printing press, and in a way, activating the conveyors in a movement that was already \u201dknown to them\u201d. I played around with the narrative that I too was processing fish. The manual press and the printing process itself was very labor-intensive and repetitive, which brought me at least metaphorically a little closer to the original working life at the fish factory. <\/p>\n\n\n\n<p class=\"has-white-color has-text-color\">residency fish factoy iceland<\/p>\n\n\n<div class=\"wp-block-image\">\n<figure class=\"alignleft size-large is-resized\"><img loading=\"lazy\" decoding=\"async\" width=\"765\" height=\"1024\" src=\"http:\/\/www.claire-ebendinger.fr\/wp-content\/uploads\/2023\/02\/harbour_Capture-de\u0301cran-2023-02-18-a\u0300-13.29-765x1024.jpg\" alt=\"\" class=\"wp-image-2029\" style=\"width:900px;height:1024px\" srcset=\"https:\/\/www.claire-ebendinger.fr\/wp-content\/uploads\/2023\/02\/harbour_Capture-de\u0301cran-2023-02-18-a\u0300-13.29-765x1024.jpg 765w, https:\/\/www.claire-ebendinger.fr\/wp-content\/uploads\/2023\/02\/harbour_Capture-de\u0301cran-2023-02-18-a\u0300-13.29-224x300.jpg 224w, https:\/\/www.claire-ebendinger.fr\/wp-content\/uploads\/2023\/02\/harbour_Capture-de\u0301cran-2023-02-18-a\u0300-13.29-768x1029.jpg 768w, https:\/\/www.claire-ebendinger.fr\/wp-content\/uploads\/2023\/02\/harbour_Capture-de\u0301cran-2023-02-18-a\u0300-13.29.jpg 1102w\" sizes=\"auto, (max-width: 765px) 100vw, 765px\" \/><figcaption class=\"wp-element-caption\">Found sculptures, 2022, Sey\u00f0isfj\u00f6r\u00f0ur harbour<\/figcaption><\/figure><\/div>\n\n<div class=\"wp-block-image\">\n<figure class=\"alignleft size-large is-resized\"><img loading=\"lazy\" decoding=\"async\" width=\"1024\" height=\"707\" src=\"http:\/\/www.claire-ebendinger.fr\/wp-content\/uploads\/2023\/02\/exhibition-views-sculptures_FIN2-1024x707.jpg\" alt=\"\" class=\"wp-image-2027\" style=\"width:900px\" srcset=\"https:\/\/www.claire-ebendinger.fr\/wp-content\/uploads\/2023\/02\/exhibition-views-sculptures_FIN2-1024x707.jpg 1024w, https:\/\/www.claire-ebendinger.fr\/wp-content\/uploads\/2023\/02\/exhibition-views-sculptures_FIN2-300x207.jpg 300w, https:\/\/www.claire-ebendinger.fr\/wp-content\/uploads\/2023\/02\/exhibition-views-sculptures_FIN2-768x530.jpg 768w, https:\/\/www.claire-ebendinger.fr\/wp-content\/uploads\/2023\/02\/exhibition-views-sculptures_FIN2-1536x1060.jpg 1536w, https:\/\/www.claire-ebendinger.fr\/wp-content\/uploads\/2023\/02\/exhibition-views-sculptures_FIN2-2048x1413.jpg 2048w\" sizes=\"auto, (max-width: 1024px) 100vw, 1024px\" \/><figcaption class=\"wp-element-caption\">Various assemblages, 2022, objects found on site, variable dimensions<\/figcaption><\/figure><\/div>\n\n<div class=\"wp-block-image\">\n<figure class=\"alignleft size-large is-resized\"><img loading=\"lazy\" decoding=\"async\" width=\"1024\" height=\"707\" src=\"http:\/\/www.claire-ebendinger.fr\/wp-content\/uploads\/2023\/02\/piled_smallCapture-de\u0301cran-2022-09-09-a\u0300-12.56-1024x707.jpg\" alt=\"\" class=\"wp-image-2031\" style=\"width:900px\" srcset=\"https:\/\/www.claire-ebendinger.fr\/wp-content\/uploads\/2023\/02\/piled_smallCapture-de\u0301cran-2022-09-09-a\u0300-12.56-1024x707.jpg 1024w, https:\/\/www.claire-ebendinger.fr\/wp-content\/uploads\/2023\/02\/piled_smallCapture-de\u0301cran-2022-09-09-a\u0300-12.56-300x207.jpg 300w, https:\/\/www.claire-ebendinger.fr\/wp-content\/uploads\/2023\/02\/piled_smallCapture-de\u0301cran-2022-09-09-a\u0300-12.56-768x530.jpg 768w, https:\/\/www.claire-ebendinger.fr\/wp-content\/uploads\/2023\/02\/piled_smallCapture-de\u0301cran-2022-09-09-a\u0300-12.56-1536x1060.jpg 1536w, https:\/\/www.claire-ebendinger.fr\/wp-content\/uploads\/2023\/02\/piled_smallCapture-de\u0301cran-2022-09-09-a\u0300-12.56-2048x1413.jpg 2048w\" sizes=\"auto, (max-width: 1024px) 100vw, 1024px\" \/><figcaption class=\"wp-element-caption\">Piled objects, 2022, objects found on site, variable dimensions<\/figcaption><\/figure><\/div>\n\n<div class=\"wp-block-image\">\n<figure class=\"alignleft size-large is-resized\"><img loading=\"lazy\" decoding=\"async\" width=\"1024\" height=\"709\" src=\"http:\/\/www.claire-ebendinger.fr\/wp-content\/uploads\/2023\/02\/photocopiesCapture-de\u0301cran-2022-09-08-a\u0300-19.05-1024x709.jpg\" alt=\"residency fish factoy iceland\" class=\"wp-image-2025\" style=\"width:900px\" srcset=\"https:\/\/www.claire-ebendinger.fr\/wp-content\/uploads\/2023\/02\/photocopiesCapture-de\u0301cran-2022-09-08-a\u0300-19.05-1024x709.jpg 1024w, https:\/\/www.claire-ebendinger.fr\/wp-content\/uploads\/2023\/02\/photocopiesCapture-de\u0301cran-2022-09-08-a\u0300-19.05-300x208.jpg 300w, https:\/\/www.claire-ebendinger.fr\/wp-content\/uploads\/2023\/02\/photocopiesCapture-de\u0301cran-2022-09-08-a\u0300-19.05-768x532.jpg 768w, https:\/\/www.claire-ebendinger.fr\/wp-content\/uploads\/2023\/02\/photocopiesCapture-de\u0301cran-2022-09-08-a\u0300-19.05-1536x1064.jpg 1536w, https:\/\/www.claire-ebendinger.fr\/wp-content\/uploads\/2023\/02\/photocopiesCapture-de\u0301cran-2022-09-08-a\u0300-19.05.jpg 1580w\" sizes=\"auto, (max-width: 1024px) 100vw, 1024px\" \/><figcaption class=\"wp-element-caption\">Photocopied inventory, 2022, objects found on site<\/figcaption><\/figure><\/div>\n\n<div class=\"wp-block-image\">\n<figure class=\"alignleft size-large is-resized\"><img loading=\"lazy\" decoding=\"async\" width=\"1024\" height=\"731\" src=\"http:\/\/www.claire-ebendinger.fr\/wp-content\/uploads\/2023\/02\/Lilja-Johannsdottir-1024x731.jpg\" alt=\"residency fish factoy iceland\" class=\"wp-image-2030\" style=\"width:900px\" srcset=\"https:\/\/www.claire-ebendinger.fr\/wp-content\/uploads\/2023\/02\/Lilja-Johannsdottir-1024x731.jpg 1024w, https:\/\/www.claire-ebendinger.fr\/wp-content\/uploads\/2023\/02\/Lilja-Johannsdottir-300x214.jpg 300w, https:\/\/www.claire-ebendinger.fr\/wp-content\/uploads\/2023\/02\/Lilja-Johannsdottir-768x548.jpg 768w, https:\/\/www.claire-ebendinger.fr\/wp-content\/uploads\/2023\/02\/Lilja-Johannsdottir.jpg 1291w\" sizes=\"auto, (max-width: 1024px) 100vw, 1024px\" \/><figcaption class=\"wp-element-caption\">Woman working at the factory, processing fish, ca. 1980<\/figcaption><\/figure><\/div>\n\n<div class=\"wp-block-image\">\n<figure class=\"alignleft size-large is-resized\"><img loading=\"lazy\" decoding=\"async\" width=\"1024\" height=\"707\" src=\"http:\/\/www.claire-ebendinger.fr\/wp-content\/uploads\/2023\/02\/prints_hanging_Final-1024x707.jpg\" alt=\"residency fish factoy iceland\" class=\"wp-image-2032\" style=\"width:900px\" srcset=\"https:\/\/www.claire-ebendinger.fr\/wp-content\/uploads\/2023\/02\/prints_hanging_Final-1024x707.jpg 1024w, https:\/\/www.claire-ebendinger.fr\/wp-content\/uploads\/2023\/02\/prints_hanging_Final-300x207.jpg 300w, https:\/\/www.claire-ebendinger.fr\/wp-content\/uploads\/2023\/02\/prints_hanging_Final-768x530.jpg 768w, https:\/\/www.claire-ebendinger.fr\/wp-content\/uploads\/2023\/02\/prints_hanging_Final-1536x1060.jpg 1536w, https:\/\/www.claire-ebendinger.fr\/wp-content\/uploads\/2023\/02\/prints_hanging_Final.jpg 2000w\" sizes=\"auto, (max-width: 1024px) 100vw, 1024px\" \/><figcaption class=\"wp-element-caption\">Fish Skins, 2022, Installation, 170 x 180 x 40 cm<\/figcaption><\/figure><\/div>\n\n<div class=\"wp-block-image\">\n<figure class=\"alignleft size-large is-resized\"><img loading=\"lazy\" decoding=\"async\" width=\"1024\" height=\"713\" src=\"http:\/\/www.claire-ebendinger.fr\/wp-content\/uploads\/2023\/02\/Fish-skin-poster_FIN-1024x713.jpg\" alt=\"residency fish factoy iceland\" class=\"wp-image-2028\" style=\"width:900px\" srcset=\"https:\/\/www.claire-ebendinger.fr\/wp-content\/uploads\/2023\/02\/Fish-skin-poster_FIN-1024x713.jpg 1024w, https:\/\/www.claire-ebendinger.fr\/wp-content\/uploads\/2023\/02\/Fish-skin-poster_FIN-300x209.jpg 300w, https:\/\/www.claire-ebendinger.fr\/wp-content\/uploads\/2023\/02\/Fish-skin-poster_FIN-768x535.jpg 768w, https:\/\/www.claire-ebendinger.fr\/wp-content\/uploads\/2023\/02\/Fish-skin-poster_FIN-1536x1069.jpg 1536w, https:\/\/www.claire-ebendinger.fr\/wp-content\/uploads\/2023\/02\/Fish-skin-poster_FIN.jpg 1770w\" sizes=\"auto, (max-width: 1024px) 100vw, 1024px\" \/><figcaption class=\"wp-element-caption\">Fish skins, overview, 2022, scans<\/figcaption><\/figure><\/div>","protected":false},"excerpt":{"rendered":"<p>One month residency in Iceland In August 2022, I participated in a one month residency at the Fish Factory in St\u00f6\u00f0varfj\u00f6r\u00f0ur, Iceland. I was very impressed by the location and the history of the building. It seemed to have had a very strong influence on the demographic and economic life of the village. I collected [&hellip;]<\/p>\n","protected":false},"author":1,"featured_media":0,"parent":0,"menu_order":0,"comment_status":"closed","ping_status":"closed","template":"","meta":{"footnotes":""},"class_list":["post-2024","page","type-page","status-publish","hentry"],"yoast_head":"<!-- This site is optimized with the Yoast SEO plugin v24.2 - https:\/\/yoast.com\/wordpress\/plugins\/seo\/ -->\n<title>Fish Factory - Claire Ebendinger<\/title>\n<meta name=\"description\" content=\"In August 2022, I participated in a residency at the Fish Factory in Iceland, experimenting with conveying belts as printing plates.\" \/>\n<meta name=\"robots\" content=\"index, follow, max-snippet:-1, max-image-preview:large, max-video-preview:-1\" \/>\n<link rel=\"canonical\" href=\"https:\/\/www.claire-ebendinger.fr\/?page_id=2024\" \/>\n<meta property=\"og:locale\" content=\"en_US\" \/>\n<meta property=\"og:type\" content=\"article\" \/>\n<meta property=\"og:title\" content=\"Fish Factory - Claire Ebendinger\" \/>\n<meta property=\"og:description\" content=\"In August 2022, I participated in a residency at the Fish Factory in Iceland, experimenting with conveying belts as printing plates.\" \/>\n<meta property=\"og:url\" content=\"https:\/\/www.claire-ebendinger.fr\/?page_id=2024\" \/>\n<meta property=\"og:site_name\" content=\"Claire Ebendinger\" \/>\n<meta property=\"article:modified_time\" content=\"2025-02-21T16:10:27+00:00\" \/>\n<meta property=\"og:image\" content=\"http:\/\/www.claire-ebendinger.fr\/wp-content\/uploads\/2023\/02\/exhibition-views-sculptures_FIN2-1024x707.jpg\" \/>\n<meta name=\"twitter:card\" content=\"summary_large_image\" \/>\n<meta name=\"twitter:label1\" content=\"Est. reading time\" \/>\n\t<meta name=\"twitter:data1\" content=\"3 minutes\" \/>\n<script type=\"application\/ld+json\" class=\"yoast-schema-graph\">{\"@context\":\"https:\/\/schema.org\",\"@graph\":[{\"@type\":\"WebPage\",\"@id\":\"https:\/\/www.claire-ebendinger.fr\/?page_id=2024\",\"url\":\"https:\/\/www.claire-ebendinger.fr\/?page_id=2024\",\"name\":\"Fish Factory - Claire Ebendinger\",\"isPartOf\":{\"@id\":\"https:\/\/www.claire-ebendinger.fr\/#website\"},\"primaryImageOfPage\":{\"@id\":\"https:\/\/www.claire-ebendinger.fr\/?page_id=2024#primaryimage\"},\"image\":{\"@id\":\"https:\/\/www.claire-ebendinger.fr\/?page_id=2024#primaryimage\"},\"thumbnailUrl\":\"http:\/\/www.claire-ebendinger.fr\/wp-content\/uploads\/2023\/02\/exhibition-views-sculptures_FIN2-1024x707.jpg\",\"datePublished\":\"2023-02-20T11:03:05+00:00\",\"dateModified\":\"2025-02-21T16:10:27+00:00\",\"description\":\"In August 2022, I participated in a residency at the Fish Factory in Iceland, experimenting with conveying belts as printing plates.\",\"breadcrumb\":{\"@id\":\"https:\/\/www.claire-ebendinger.fr\/?page_id=2024#breadcrumb\"},\"inLanguage\":\"en-US\",\"potentialAction\":[{\"@type\":\"ReadAction\",\"target\":[\"https:\/\/www.claire-ebendinger.fr\/?page_id=2024\"]}]},{\"@type\":\"ImageObject\",\"inLanguage\":\"en-US\",\"@id\":\"https:\/\/www.claire-ebendinger.fr\/?page_id=2024#primaryimage\",\"url\":\"https:\/\/www.claire-ebendinger.fr\/wp-content\/uploads\/2023\/02\/exhibition-views-sculptures_FIN2.jpg\",\"contentUrl\":\"https:\/\/www.claire-ebendinger.fr\/wp-content\/uploads\/2023\/02\/exhibition-views-sculptures_FIN2.jpg\",\"width\":2500,\"height\":1725},{\"@type\":\"BreadcrumbList\",\"@id\":\"https:\/\/www.claire-ebendinger.fr\/?page_id=2024#breadcrumb\",\"itemListElement\":[{\"@type\":\"ListItem\",\"position\":1,\"name\":\"Home\",\"item\":\"https:\/\/www.claire-ebendinger.fr\/\"},{\"@type\":\"ListItem\",\"position\":2,\"name\":\"Fish Factory\"}]},{\"@type\":\"WebSite\",\"@id\":\"https:\/\/www.claire-ebendinger.fr\/#website\",\"url\":\"https:\/\/www.claire-ebendinger.fr\/\",\"name\":\"Claire Ebendinger\",\"description\":\"\",\"publisher\":{\"@id\":\"https:\/\/www.claire-ebendinger.fr\/#organization\"},\"potentialAction\":[{\"@type\":\"SearchAction\",\"target\":{\"@type\":\"EntryPoint\",\"urlTemplate\":\"https:\/\/www.claire-ebendinger.fr\/?s={search_term_string}\"},\"query-input\":{\"@type\":\"PropertyValueSpecification\",\"valueRequired\":true,\"valueName\":\"search_term_string\"}}],\"inLanguage\":\"en-US\"},{\"@type\":\"Organization\",\"@id\":\"https:\/\/www.claire-ebendinger.fr\/#organization\",\"name\":\"Claire Ebendinger\",\"url\":\"https:\/\/www.claire-ebendinger.fr\/\",\"logo\":{\"@type\":\"ImageObject\",\"inLanguage\":\"en-US\",\"@id\":\"https:\/\/www.claire-ebendinger.fr\/#\/schema\/logo\/image\/\",\"url\":\"https:\/\/www.claire-ebendinger.fr\/wp-content\/uploads\/2021\/08\/logo-site-internet_big.png\",\"contentUrl\":\"https:\/\/www.claire-ebendinger.fr\/wp-content\/uploads\/2021\/08\/logo-site-internet_big.png\",\"width\":2346,\"height\":338,\"caption\":\"Claire Ebendinger\"},\"image\":{\"@id\":\"https:\/\/www.claire-ebendinger.fr\/#\/schema\/logo\/image\/\"}}]}<\/script>\n<!-- \/ Yoast SEO plugin. -->","yoast_head_json":{"title":"Fish Factory - Claire Ebendinger","description":"In August 2022, I participated in a residency at the Fish Factory in Iceland, experimenting with conveying belts as printing plates.","robots":{"index":"index","follow":"follow","max-snippet":"max-snippet:-1","max-image-preview":"max-image-preview:large","max-video-preview":"max-video-preview:-1"},"canonical":"https:\/\/www.claire-ebendinger.fr\/?page_id=2024","og_locale":"en_US","og_type":"article","og_title":"Fish Factory - Claire Ebendinger","og_description":"In August 2022, I participated in a residency at the Fish Factory in Iceland, experimenting with conveying belts as printing plates.","og_url":"https:\/\/www.claire-ebendinger.fr\/?page_id=2024","og_site_name":"Claire Ebendinger","article_modified_time":"2025-02-21T16:10:27+00:00","og_image":[{"url":"http:\/\/www.claire-ebendinger.fr\/wp-content\/uploads\/2023\/02\/exhibition-views-sculptures_FIN2-1024x707.jpg","type":"","width":"","height":""}],"twitter_card":"summary_large_image","twitter_misc":{"Est. reading time":"3 minutes"},"schema":{"@context":"https:\/\/schema.org","@graph":[{"@type":"WebPage","@id":"https:\/\/www.claire-ebendinger.fr\/?page_id=2024","url":"https:\/\/www.claire-ebendinger.fr\/?page_id=2024","name":"Fish Factory - Claire Ebendinger","isPartOf":{"@id":"https:\/\/www.claire-ebendinger.fr\/#website"},"primaryImageOfPage":{"@id":"https:\/\/www.claire-ebendinger.fr\/?page_id=2024#primaryimage"},"image":{"@id":"https:\/\/www.claire-ebendinger.fr\/?page_id=2024#primaryimage"},"thumbnailUrl":"http:\/\/www.claire-ebendinger.fr\/wp-content\/uploads\/2023\/02\/exhibition-views-sculptures_FIN2-1024x707.jpg","datePublished":"2023-02-20T11:03:05+00:00","dateModified":"2025-02-21T16:10:27+00:00","description":"In August 2022, I participated in a residency at the Fish Factory in Iceland, experimenting with conveying belts as printing plates.","breadcrumb":{"@id":"https:\/\/www.claire-ebendinger.fr\/?page_id=2024#breadcrumb"},"inLanguage":"en-US","potentialAction":[{"@type":"ReadAction","target":["https:\/\/www.claire-ebendinger.fr\/?page_id=2024"]}]},{"@type":"ImageObject","inLanguage":"en-US","@id":"https:\/\/www.claire-ebendinger.fr\/?page_id=2024#primaryimage","url":"https:\/\/www.claire-ebendinger.fr\/wp-content\/uploads\/2023\/02\/exhibition-views-sculptures_FIN2.jpg","contentUrl":"https:\/\/www.claire-ebendinger.fr\/wp-content\/uploads\/2023\/02\/exhibition-views-sculptures_FIN2.jpg","width":2500,"height":1725},{"@type":"BreadcrumbList","@id":"https:\/\/www.claire-ebendinger.fr\/?page_id=2024#breadcrumb","itemListElement":[{"@type":"ListItem","position":1,"name":"Home","item":"https:\/\/www.claire-ebendinger.fr\/"},{"@type":"ListItem","position":2,"name":"Fish Factory"}]},{"@type":"WebSite","@id":"https:\/\/www.claire-ebendinger.fr\/#website","url":"https:\/\/www.claire-ebendinger.fr\/","name":"Claire Ebendinger","description":"","publisher":{"@id":"https:\/\/www.claire-ebendinger.fr\/#organization"},"potentialAction":[{"@type":"SearchAction","target":{"@type":"EntryPoint","urlTemplate":"https:\/\/www.claire-ebendinger.fr\/?s={search_term_string}"},"query-input":{"@type":"PropertyValueSpecification","valueRequired":true,"valueName":"search_term_string"}}],"inLanguage":"en-US"},{"@type":"Organization","@id":"https:\/\/www.claire-ebendinger.fr\/#organization","name":"Claire Ebendinger","url":"https:\/\/www.claire-ebendinger.fr\/","logo":{"@type":"ImageObject","inLanguage":"en-US","@id":"https:\/\/www.claire-ebendinger.fr\/#\/schema\/logo\/image\/","url":"https:\/\/www.claire-ebendinger.fr\/wp-content\/uploads\/2021\/08\/logo-site-internet_big.png","contentUrl":"https:\/\/www.claire-ebendinger.fr\/wp-content\/uploads\/2021\/08\/logo-site-internet_big.png","width":2346,"height":338,"caption":"Claire Ebendinger"},"image":{"@id":"https:\/\/www.claire-ebendinger.fr\/#\/schema\/logo\/image\/"}}]}},"_links":{"self":[{"href":"https:\/\/www.claire-ebendinger.fr\/index.php?rest_route=\/wp\/v2\/pages\/2024","targetHints":{"allow":["GET"]}}],"collection":[{"href":"https:\/\/www.claire-ebendinger.fr\/index.php?rest_route=\/wp\/v2\/pages"}],"about":[{"href":"https:\/\/www.claire-ebendinger.fr\/index.php?rest_route=\/wp\/v2\/types\/page"}],"author":[{"embeddable":true,"href":"https:\/\/www.claire-ebendinger.fr\/index.php?rest_route=\/wp\/v2\/users\/1"}],"replies":[{"embeddable":true,"href":"https:\/\/www.claire-ebendinger.fr\/index.php?rest_route=%2Fwp%2Fv2%2Fcomments&post=2024"}],"version-history":[{"count":5,"href":"https:\/\/www.claire-ebendinger.fr\/index.php?rest_route=\/wp\/v2\/pages\/2024\/revisions"}],"predecessor-version":[{"id":2381,"href":"https:\/\/www.claire-ebendinger.fr\/index.php?rest_route=\/wp\/v2\/pages\/2024\/revisions\/2381"}],"wp:attachment":[{"href":"https:\/\/www.claire-ebendinger.fr\/index.php?rest_route=%2Fwp%2Fv2%2Fmedia&parent=2024"}],"curies":[{"name":"wp","href":"https:\/\/api.w.org\/{rel}","templated":true}]}}