{"id":374,"date":"2020-01-09T15:49:20","date_gmt":"2020-01-09T14:49:20","guid":{"rendered":"http:\/\/claire-ebendinger.fr\/?page_id=374"},"modified":"2021-08-16T20:56:23","modified_gmt":"2021-08-16T18:56:23","slug":"will-you-play-with-me","status":"publish","type":"page","link":"https:\/\/www.claire-ebendinger.fr\/?page_id=374","title":{"rendered":"WILL YOU PLAY WITH ME?"},"content":{"rendered":"\n<h2 class=\"has-text-align-left wp-block-heading\">Between artistic and playful objects<\/h2>\n\n\n\n<p class=\"has-text-align-left has-black-color has-text-color\" style=\"font-size:15px\">This project gathers objects, drawings, installations, and a visual essay. Together, they question the formal resonances between the esthetics of playful objects and the history of visual arts. In the edition the affinities between shapes and colors are presented as couples; on the large prints hanging on the walls, they are gathered as a vast map of visual references, borrowing from the Mnemosyne Atlas of Aby Warburg. <strong><br><br><\/strong>Objects are elaborated in parallel to this theoretical research. They descend directly from this curious affiliation: on one hand, they encompass a certain playfulness, as they draw the observer to manipulate them, on the other hand, they recall the preciousness and of artworks. It is this very impulse towards the object -spontaneous though inexplicably refrained- that these productions try to arouse.<\/p>\n\n\n\n<p class=\"has-text-align-left has-black-color has-text-color\" style=\"font-size:15px\">&#8211;<\/p>\n\n\n\n<p><\/p>\n\n\n\n<div class=\"wp-block-group\"><div class=\"wp-block-group__inner-container is-layout-flow wp-block-group-is-layout-flow\">\n<div class=\"wp-block-image\"><figure class=\"alignleft size-full is-resized\"><img decoding=\"async\" src=\"http:\/\/www.claire-ebendinger.fr\/wp-content\/uploads\/2020\/01\/e\u0301dition_Claire_2-photo-credit-c-Claire-Ebendinger.jpg\" alt=\"Claire Ebendinger\" class=\"wp-image-496\" width=\"900\" srcset=\"https:\/\/www.claire-ebendinger.fr\/wp-content\/uploads\/2020\/01\/e\u0301dition_Claire_2-photo-credit-c-Claire-Ebendinger.jpg 4032w, https:\/\/www.claire-ebendinger.fr\/wp-content\/uploads\/2020\/01\/e\u0301dition_Claire_2-photo-credit-c-Claire-Ebendinger-300x225.jpg 300w, https:\/\/www.claire-ebendinger.fr\/wp-content\/uploads\/2020\/01\/e\u0301dition_Claire_2-photo-credit-c-Claire-Ebendinger-768x576.jpg 768w, https:\/\/www.claire-ebendinger.fr\/wp-content\/uploads\/2020\/01\/e\u0301dition_Claire_2-photo-credit-c-Claire-Ebendinger-1024x768.jpg 1024w, https:\/\/www.claire-ebendinger.fr\/wp-content\/uploads\/2020\/01\/e\u0301dition_Claire_2-photo-credit-c-Claire-Ebendinger-640x480.jpg 640w\" sizes=\"(max-width: 4032px) 100vw, 4032px\" \/><figcaption>A Playful Handbook of Art History, 2019, Edition (180 pages), 24 x 20 cm<br><\/figcaption><\/figure><\/div>\n\n\n\n<p><\/p>\n<\/div><\/div>\n\n\n\n<div class=\"wp-block-image\"><figure class=\"alignleft is-resized\"><img loading=\"lazy\" decoding=\"async\" src=\"http:\/\/claire-ebendinger.fr\/wp-content\/uploads\/2020\/01\/poster-photo-credit-c-Claire-Ebendinger-1024x724.jpg\" alt=\"Claire Ebendinger A Playful Handbook of Art History, 2019, Prints,  168 x 238 cm\" class=\"wp-image-495\" width=\"900\" height=\"417\"\/><figcaption>A Playful Handbook of Art History, 2019, Prints,  168 x 238 cm<\/figcaption><\/figure><\/div>\n\n\n\n<div class=\"wp-block-image\"><figure class=\"alignleft is-resized\"><img loading=\"lazy\" decoding=\"async\" src=\"http:\/\/claire-ebendinger.fr\/wp-content\/uploads\/2020\/01\/le-joueur-2-photo-credit-c-Claire-Ebendinger-1024x768.jpg\" alt=\"CLAIRE EBENDINGER, MR.B, WOODEN BOX, MIRRORS, WOODEN CUBES, VINTAGE CHECKERS BOARD, 36 X 36 X 36 CM\" class=\"wp-image-497\" width=\"900\" height=\"444\"\/><figcaption>Mr. B, 2019, Wooden box, mirrors, wooden cubes, vintage checkers board, 36 x 36 x 36 cm<\/figcaption><\/figure><\/div>\n\n\n\n<div class=\"wp-block-image\"><figure class=\"alignleft is-resized\"><img loading=\"lazy\" decoding=\"async\" src=\"http:\/\/claire-ebendinger.fr\/wp-content\/uploads\/2020\/01\/pie\u0300ces-monte\u0301es-de\u0301monte\u0301es2-photo-credit-c-Claire-Ebendinger-1024x768.jpg\" alt=\"CLAIRE EBENDINGER, \u201dPI\u00c8CES MONT\u00c9ES - D\u00c9MONT\u00c9ES\u201d [STACKING CAKES], PIGMENTED PLASTER, PINE TREE STICKS, VARIABLE DIMENSIONS\" class=\"wp-image-499\" width=\"900\" height=\"502\"\/><figcaption>&#8216;Pi\u00e8ces mont\u00e9es &#8211; d\u00e9mont\u00e9es&#8217;,  [stacking cakes], 2019, Pigmented plaster, wooden sticks, variable dimensions<\/figcaption><\/figure><\/div>\n\n\n\n<div class=\"wp-block-image\"><figure class=\"alignleft is-resized\"><img decoding=\"async\" src=\"http:\/\/claire-ebendinger.fr\/wp-content\/uploads\/2020\/01\/pieces_montees_table-1024x767.jpg\" alt=\"Claire Ebendinger\" class=\"wp-image-386\" width=\"900\" srcset=\"https:\/\/www.claire-ebendinger.fr\/wp-content\/uploads\/2020\/01\/pieces_montees_table-1024x767.jpg 1024w, https:\/\/www.claire-ebendinger.fr\/wp-content\/uploads\/2020\/01\/pieces_montees_table-300x225.jpg 300w, https:\/\/www.claire-ebendinger.fr\/wp-content\/uploads\/2020\/01\/pieces_montees_table-768x576.jpg 768w, https:\/\/www.claire-ebendinger.fr\/wp-content\/uploads\/2020\/01\/pieces_montees_table-1568x1175.jpg 1568w\" sizes=\"(max-width: 1024px) 100vw, 1024px\" \/><figcaption>&#8216;Pi\u00e8ces mont\u00e9es &#8211; d\u00e9mont\u00e9es&#8217;,  [stacking cakes], 2019, Pigmented plaster, wooden sticks, variable dimensions<\/figcaption><\/figure><\/div>\n\n\n\n<div class=\"wp-block-image\"><figure class=\"alignleft is-resized\"><img decoding=\"async\" src=\"http:\/\/claire-ebendinger.fr\/wp-content\/uploads\/2020\/01\/playing-table-photo-credit-c-Claire-Ebendinger-1024x724.jpg\" alt=\"CLAIRE EBENDINGER, GAME TABLE, WOOD, PLASTER, MODELING CLAY, VARIABLE DIMENSIONS\" class=\"wp-image-500\" width=\"900\" srcset=\"https:\/\/www.claire-ebendinger.fr\/wp-content\/uploads\/2020\/01\/playing-table-photo-credit-c-Claire-Ebendinger-1024x724.jpg 1024w, https:\/\/www.claire-ebendinger.fr\/wp-content\/uploads\/2020\/01\/playing-table-photo-credit-c-Claire-Ebendinger-300x212.jpg 300w, https:\/\/www.claire-ebendinger.fr\/wp-content\/uploads\/2020\/01\/playing-table-photo-credit-c-Claire-Ebendinger-768x543.jpg 768w\" sizes=\"(max-width: 1024px) 100vw, 1024px\" \/><figcaption>Game table, 2019, Wood, plaster, modeling clay, Variable dimensions<\/figcaption><\/figure><\/div>\n\n\n\n<div class=\"wp-block-image\"><figure class=\"alignleft size-large is-resized\"><img decoding=\"async\" src=\"http:\/\/www.claire-ebendinger.fr\/wp-content\/uploads\/2021\/08\/bac-a\u0300-sable-overview-1024x768.jpg\" alt=\"Claire Ebendinger\" class=\"wp-image-1539\" width=\"900\" srcset=\"https:\/\/www.claire-ebendinger.fr\/wp-content\/uploads\/2021\/08\/bac-a\u0300-sable-overview-1024x768.jpg 1024w, https:\/\/www.claire-ebendinger.fr\/wp-content\/uploads\/2021\/08\/bac-a\u0300-sable-overview-300x225.jpg 300w, https:\/\/www.claire-ebendinger.fr\/wp-content\/uploads\/2021\/08\/bac-a\u0300-sable-overview-768x576.jpg 768w, https:\/\/www.claire-ebendinger.fr\/wp-content\/uploads\/2021\/08\/bac-a\u0300-sable-overview-1536x1152.jpg 1536w, https:\/\/www.claire-ebendinger.fr\/wp-content\/uploads\/2021\/08\/bac-a\u0300-sable-overview-2048x1536.jpg 2048w\" sizes=\"(max-width: 1024px) 100vw, 1024px\" \/><figcaption>Invisible Cities, 2019, Turned wood, sand, wooden sandbox, 2,50 x 2,50 cm<\/figcaption><\/figure><\/div>\n\n\n\n<div class=\"wp-block-image\"><figure class=\"alignleft is-resized\"><img decoding=\"async\" src=\"http:\/\/claire-ebendinger.fr\/wp-content\/uploads\/2020\/01\/Bac-a\u0300-sable-photo-credit-c-Claire-Ebendinger-1024x768.jpg\" alt=\"CLAIRE EBENDINGER, INVISIBLE CITIES, TURNED WOOD, SAND, WOODEN SANDBOX, 2,50 X 2,50 CM\" class=\"wp-image-501\" width=\"900\" srcset=\"https:\/\/www.claire-ebendinger.fr\/wp-content\/uploads\/2020\/01\/Bac-a\u0300-sable-photo-credit-c-Claire-Ebendinger-1024x768.jpg 1024w, https:\/\/www.claire-ebendinger.fr\/wp-content\/uploads\/2020\/01\/Bac-a\u0300-sable-photo-credit-c-Claire-Ebendinger-300x225.jpg 300w, https:\/\/www.claire-ebendinger.fr\/wp-content\/uploads\/2020\/01\/Bac-a\u0300-sable-photo-credit-c-Claire-Ebendinger-768x576.jpg 768w, https:\/\/www.claire-ebendinger.fr\/wp-content\/uploads\/2020\/01\/Bac-a\u0300-sable-photo-credit-c-Claire-Ebendinger-640x480.jpg 640w\" sizes=\"(max-width: 1024px) 100vw, 1024px\" \/><figcaption>Invisible Cities, 2019, Turned wood, sand, wooden sandbox, 2,50 x 2,50 cm<\/figcaption><\/figure><\/div>\n\n\n\n<p><\/p>\n","protected":false},"excerpt":{"rendered":"<p>Between artistic and playful objects This project gathers objects, drawings, installations, and a visual essay. Together, they question the formal resonances between the esthetics of playful objects and the history of visual arts. In the edition the affinities between shapes and colors are presented as couples; on the large prints hanging on the walls, they [&hellip;]<\/p>\n","protected":false},"author":1,"featured_media":0,"parent":0,"menu_order":0,"comment_status":"closed","ping_status":"closed","template":"","meta":{"footnotes":""},"class_list":["post-374","page","type-page","status-publish","hentry"],"yoast_head":"<!-- This site is optimized with the Yoast SEO plugin v24.2 - https:\/\/yoast.com\/wordpress\/plugins\/seo\/ -->\n<title>WILL YOU PLAY WITH ME? - Claire Ebendinger<\/title>\n<meta name=\"robots\" content=\"index, follow, max-snippet:-1, max-image-preview:large, max-video-preview:-1\" \/>\n<link rel=\"canonical\" href=\"https:\/\/www.claire-ebendinger.fr\/?page_id=374\" \/>\n<meta property=\"og:locale\" content=\"en_US\" \/>\n<meta property=\"og:type\" content=\"article\" \/>\n<meta property=\"og:title\" content=\"WILL YOU PLAY WITH ME? - Claire Ebendinger\" \/>\n<meta property=\"og:description\" content=\"Between artistic and playful objects This project gathers objects, drawings, installations, and a visual essay. Together, they question the formal resonances between the esthetics of playful objects and the history of visual arts. In the edition the affinities between shapes and colors are presented as couples; on the large prints hanging on the walls, they [&hellip;]\" \/>\n<meta property=\"og:url\" content=\"https:\/\/www.claire-ebendinger.fr\/?page_id=374\" \/>\n<meta property=\"og:site_name\" content=\"Claire Ebendinger\" \/>\n<meta property=\"article:modified_time\" content=\"2021-08-16T18:56:23+00:00\" \/>\n<meta property=\"og:image\" content=\"http:\/\/claire-ebendinger.fr\/wp-content\/uploads\/2020\/01\/poster-photo-credit-c-Claire-Ebendinger-1024x724.jpg\" \/>\n<meta name=\"twitter:card\" content=\"summary_large_image\" \/>\n<meta name=\"twitter:label1\" content=\"Est. reading time\" \/>\n\t<meta name=\"twitter:data1\" content=\"1 minute\" \/>\n<script type=\"application\/ld+json\" class=\"yoast-schema-graph\">{\"@context\":\"https:\/\/schema.org\",\"@graph\":[{\"@type\":\"WebPage\",\"@id\":\"https:\/\/www.claire-ebendinger.fr\/?page_id=374\",\"url\":\"https:\/\/www.claire-ebendinger.fr\/?page_id=374\",\"name\":\"WILL YOU PLAY WITH ME? - Claire Ebendinger\",\"isPartOf\":{\"@id\":\"https:\/\/www.claire-ebendinger.fr\/#website\"},\"primaryImageOfPage\":{\"@id\":\"https:\/\/www.claire-ebendinger.fr\/?page_id=374#primaryimage\"},\"image\":{\"@id\":\"https:\/\/www.claire-ebendinger.fr\/?page_id=374#primaryimage\"},\"thumbnailUrl\":\"http:\/\/claire-ebendinger.fr\/wp-content\/uploads\/2020\/01\/poster-photo-credit-c-Claire-Ebendinger-1024x724.jpg\",\"datePublished\":\"2020-01-09T14:49:20+00:00\",\"dateModified\":\"2021-08-16T18:56:23+00:00\",\"breadcrumb\":{\"@id\":\"https:\/\/www.claire-ebendinger.fr\/?page_id=374#breadcrumb\"},\"inLanguage\":\"en-US\",\"potentialAction\":[{\"@type\":\"ReadAction\",\"target\":[\"https:\/\/www.claire-ebendinger.fr\/?page_id=374\"]}]},{\"@type\":\"ImageObject\",\"inLanguage\":\"en-US\",\"@id\":\"https:\/\/www.claire-ebendinger.fr\/?page_id=374#primaryimage\",\"url\":\"http:\/\/claire-ebendinger.fr\/wp-content\/uploads\/2020\/01\/poster-photo-credit-c-Claire-Ebendinger-1024x724.jpg\",\"contentUrl\":\"http:\/\/claire-ebendinger.fr\/wp-content\/uploads\/2020\/01\/poster-photo-credit-c-Claire-Ebendinger-1024x724.jpg\"},{\"@type\":\"BreadcrumbList\",\"@id\":\"https:\/\/www.claire-ebendinger.fr\/?page_id=374#breadcrumb\",\"itemListElement\":[{\"@type\":\"ListItem\",\"position\":1,\"name\":\"Home\",\"item\":\"https:\/\/www.claire-ebendinger.fr\/\"},{\"@type\":\"ListItem\",\"position\":2,\"name\":\"WILL YOU PLAY WITH ME?\"}]},{\"@type\":\"WebSite\",\"@id\":\"https:\/\/www.claire-ebendinger.fr\/#website\",\"url\":\"https:\/\/www.claire-ebendinger.fr\/\",\"name\":\"Claire Ebendinger\",\"description\":\"\",\"publisher\":{\"@id\":\"https:\/\/www.claire-ebendinger.fr\/#organization\"},\"potentialAction\":[{\"@type\":\"SearchAction\",\"target\":{\"@type\":\"EntryPoint\",\"urlTemplate\":\"https:\/\/www.claire-ebendinger.fr\/?s={search_term_string}\"},\"query-input\":{\"@type\":\"PropertyValueSpecification\",\"valueRequired\":true,\"valueName\":\"search_term_string\"}}],\"inLanguage\":\"en-US\"},{\"@type\":\"Organization\",\"@id\":\"https:\/\/www.claire-ebendinger.fr\/#organization\",\"name\":\"Claire Ebendinger\",\"url\":\"https:\/\/www.claire-ebendinger.fr\/\",\"logo\":{\"@type\":\"ImageObject\",\"inLanguage\":\"en-US\",\"@id\":\"https:\/\/www.claire-ebendinger.fr\/#\/schema\/logo\/image\/\",\"url\":\"https:\/\/www.claire-ebendinger.fr\/wp-content\/uploads\/2021\/08\/logo-site-internet_big.png\",\"contentUrl\":\"https:\/\/www.claire-ebendinger.fr\/wp-content\/uploads\/2021\/08\/logo-site-internet_big.png\",\"width\":2346,\"height\":338,\"caption\":\"Claire Ebendinger\"},\"image\":{\"@id\":\"https:\/\/www.claire-ebendinger.fr\/#\/schema\/logo\/image\/\"}}]}<\/script>\n<!-- \/ Yoast SEO plugin. -->","yoast_head_json":{"title":"WILL YOU PLAY WITH ME? - Claire Ebendinger","robots":{"index":"index","follow":"follow","max-snippet":"max-snippet:-1","max-image-preview":"max-image-preview:large","max-video-preview":"max-video-preview:-1"},"canonical":"https:\/\/www.claire-ebendinger.fr\/?page_id=374","og_locale":"en_US","og_type":"article","og_title":"WILL YOU PLAY WITH ME? - Claire Ebendinger","og_description":"Between artistic and playful objects This project gathers objects, drawings, installations, and a visual essay. Together, they question the formal resonances between the esthetics of playful objects and the history of visual arts. In the edition the affinities between shapes and colors are presented as couples; on the large prints hanging on the walls, they [&hellip;]","og_url":"https:\/\/www.claire-ebendinger.fr\/?page_id=374","og_site_name":"Claire Ebendinger","article_modified_time":"2021-08-16T18:56:23+00:00","og_image":[{"url":"http:\/\/claire-ebendinger.fr\/wp-content\/uploads\/2020\/01\/poster-photo-credit-c-Claire-Ebendinger-1024x724.jpg","type":"","width":"","height":""}],"twitter_card":"summary_large_image","twitter_misc":{"Est. reading time":"1 minute"},"schema":{"@context":"https:\/\/schema.org","@graph":[{"@type":"WebPage","@id":"https:\/\/www.claire-ebendinger.fr\/?page_id=374","url":"https:\/\/www.claire-ebendinger.fr\/?page_id=374","name":"WILL YOU PLAY WITH ME? - Claire Ebendinger","isPartOf":{"@id":"https:\/\/www.claire-ebendinger.fr\/#website"},"primaryImageOfPage":{"@id":"https:\/\/www.claire-ebendinger.fr\/?page_id=374#primaryimage"},"image":{"@id":"https:\/\/www.claire-ebendinger.fr\/?page_id=374#primaryimage"},"thumbnailUrl":"http:\/\/claire-ebendinger.fr\/wp-content\/uploads\/2020\/01\/poster-photo-credit-c-Claire-Ebendinger-1024x724.jpg","datePublished":"2020-01-09T14:49:20+00:00","dateModified":"2021-08-16T18:56:23+00:00","breadcrumb":{"@id":"https:\/\/www.claire-ebendinger.fr\/?page_id=374#breadcrumb"},"inLanguage":"en-US","potentialAction":[{"@type":"ReadAction","target":["https:\/\/www.claire-ebendinger.fr\/?page_id=374"]}]},{"@type":"ImageObject","inLanguage":"en-US","@id":"https:\/\/www.claire-ebendinger.fr\/?page_id=374#primaryimage","url":"http:\/\/claire-ebendinger.fr\/wp-content\/uploads\/2020\/01\/poster-photo-credit-c-Claire-Ebendinger-1024x724.jpg","contentUrl":"http:\/\/claire-ebendinger.fr\/wp-content\/uploads\/2020\/01\/poster-photo-credit-c-Claire-Ebendinger-1024x724.jpg"},{"@type":"BreadcrumbList","@id":"https:\/\/www.claire-ebendinger.fr\/?page_id=374#breadcrumb","itemListElement":[{"@type":"ListItem","position":1,"name":"Home","item":"https:\/\/www.claire-ebendinger.fr\/"},{"@type":"ListItem","position":2,"name":"WILL YOU PLAY WITH ME?"}]},{"@type":"WebSite","@id":"https:\/\/www.claire-ebendinger.fr\/#website","url":"https:\/\/www.claire-ebendinger.fr\/","name":"Claire Ebendinger","description":"","publisher":{"@id":"https:\/\/www.claire-ebendinger.fr\/#organization"},"potentialAction":[{"@type":"SearchAction","target":{"@type":"EntryPoint","urlTemplate":"https:\/\/www.claire-ebendinger.fr\/?s={search_term_string}"},"query-input":{"@type":"PropertyValueSpecification","valueRequired":true,"valueName":"search_term_string"}}],"inLanguage":"en-US"},{"@type":"Organization","@id":"https:\/\/www.claire-ebendinger.fr\/#organization","name":"Claire Ebendinger","url":"https:\/\/www.claire-ebendinger.fr\/","logo":{"@type":"ImageObject","inLanguage":"en-US","@id":"https:\/\/www.claire-ebendinger.fr\/#\/schema\/logo\/image\/","url":"https:\/\/www.claire-ebendinger.fr\/wp-content\/uploads\/2021\/08\/logo-site-internet_big.png","contentUrl":"https:\/\/www.claire-ebendinger.fr\/wp-content\/uploads\/2021\/08\/logo-site-internet_big.png","width":2346,"height":338,"caption":"Claire Ebendinger"},"image":{"@id":"https:\/\/www.claire-ebendinger.fr\/#\/schema\/logo\/image\/"}}]}},"_links":{"self":[{"href":"https:\/\/www.claire-ebendinger.fr\/index.php?rest_route=\/wp\/v2\/pages\/374","targetHints":{"allow":["GET"]}}],"collection":[{"href":"https:\/\/www.claire-ebendinger.fr\/index.php?rest_route=\/wp\/v2\/pages"}],"about":[{"href":"https:\/\/www.claire-ebendinger.fr\/index.php?rest_route=\/wp\/v2\/types\/page"}],"author":[{"embeddable":true,"href":"https:\/\/www.claire-ebendinger.fr\/index.php?rest_route=\/wp\/v2\/users\/1"}],"replies":[{"embeddable":true,"href":"https:\/\/www.claire-ebendinger.fr\/index.php?rest_route=%2Fwp%2Fv2%2Fcomments&post=374"}],"version-history":[{"count":66,"href":"https:\/\/www.claire-ebendinger.fr\/index.php?rest_route=\/wp\/v2\/pages\/374\/revisions"}],"predecessor-version":[{"id":1543,"href":"https:\/\/www.claire-ebendinger.fr\/index.php?rest_route=\/wp\/v2\/pages\/374\/revisions\/1543"}],"wp:attachment":[{"href":"https:\/\/www.claire-ebendinger.fr\/index.php?rest_route=%2Fwp%2Fv2%2Fmedia&parent=374"}],"curies":[{"name":"wp","href":"https:\/\/api.w.org\/{rel}","templated":true}]}}