{"id":722,"date":"2020-01-14T17:09:01","date_gmt":"2020-01-14T16:09:01","guid":{"rendered":"http:\/\/claire-ebendinger.fr\/?page_id=722"},"modified":"2020-01-14T18:39:31","modified_gmt":"2020-01-14T17:39:31","slug":"about","status":"publish","type":"page","link":"https:\/\/www.claire-ebendinger.fr\/?page_id=722","title":{"rendered":"About"},"content":{"rendered":"\n<p><\/p>\n\n\n\n<p style=\"font-size:15px\">Claire Ebendinger<br>(b.1992, France) <br>lives and work in Bergen, Norway<br>cebendinger@gmail.com<br>+33 (0)6 69 74 25 80<br>www.claire-ebendinger.fr<\/p>\n\n\n\n<p>My work evolves from different mediums, such as drawing, which is often a starting point, but also from photography, writing, and objects. I use the constraints specific to one medium to approach others. Thus, an idea or a gesture, migrating from discipline to discipline, remodels itself according to the medium into which it materializes. The various propositions which compose one project could be seen as answers to a multiple entry question, both autonomous and interconnected.<\/p>\n\n\n\n<p>My projects often result in the creation of portraits: real or fictional, personal or documentary, they mostly focus on individuals, places, objects or bodies \u2026 External participation is central to the process. Outside participants are either subjects of observation or active players in the work\u2019s elaboration itself. To observe their relation to things, some of them resembling, others contrasting, helps me probe my own vision. My research generally proceeds from rules of creation, either absurd processes or playful constraints, to which I submit sometimes my own action, sometimes that of others.<\/p>\n\n\n\n<p>When exhibited on a full scale, the various propositions resonate in the form of an installation; on a smaller scale, in the form of an edition. Whatever their medium or display, they call for a poetic and sensitive interpretation.<\/p>\n\n\n\n<p style=\"font-size:15px\" class=\"has-text-color has-gray-color\">Mon travail se nourrit des possibilit\u00e9s offertes par divers m\u00e9diums, \u00e0 commencer par le dessin, qui constitue souvent un point de d\u00e9part, mais aussi par la photographie, l\u2019\u00e9criture et la manipulation d\u2019objets. Les contraintes sp\u00e9cifiques \u00e0 un m\u00e9dium me servent \u00e0 en approcher un autre. Ainsi, une id\u00e9e ou un geste, migrant de discipline en discipline, se trouve remodel\u00e9(e) au gr\u00e9 des sp\u00e9cificit\u00e9s du support qu\u2019il ou elle traverse. Les propositions multiples qui composent mes projets, se pr\u00e9sentent comme les r\u00e9ponses d\u2019une question \u00e0 plusieurs entr\u00e9es, \u00e0 la fois autonomes et interconnect\u00e9es. <\/p>\n\n\n\n<p style=\"font-size:15px\" class=\"has-text-color has-gray-color\">Elles s\u2019\u00e9laborent souvent sous forme de portraits : portraits r\u00e9els ou fictifs, portraits intimes ou documentaires, portraits d\u2019individus, de lieux, d\u2019objets, de corps\u2026 La place de l\u2019autre est centrale : parfois sujet d\u2019observation parfois acteur m\u00eame du processus, je l\u2019interroge dans sa relation aux choses, y cherchant s\u00fbrement, par familiarit\u00e9 ou r\u00e9action, \u00e0 sonder mon propre rapport \u00e0 elles. Ma r\u00e9flexion s\u2019appuie g\u00e9n\u00e9ralement sur l\u2019\u00e9laboration de r\u00e8gles de cr\u00e9ation; des processus souvent absurdes ou des contraintes ludiques, auxquels je soumets tant\u00f4t ma propre action tant\u00f4t celle des autres. <\/p>\n\n\n\n<p style=\"font-size:15px\" class=\"has-text-color has-gray-color\">Dans leur pr\u00e9sentation, les diff\u00e9rentes propositions sont mises en r\u00e9sonance sous forme d\u2019installation, lorsqu\u2019elles se d\u00e9ploient \u00e0 \u00e9chelle r\u00e9elle, ou sous forme d\u2019\u00e9dition, \u00e0 \u00e9chelle r\u00e9duite. Elles invitent, pour la plupart, \u00e0 une lecture po\u00e9tique et sensible. <\/p>\n\n\n\n<p><br><br><\/p>\n\n\n\n<p><br><\/p>\n\n\n\n<p><br><\/p>\n\n\n\n<p><br><\/p>\n","protected":false},"excerpt":{"rendered":"<p>Claire Ebendinger(b.1992, France) lives and work in Bergen, Norwaycebendinger@gmail.com+33 (0)6 69 74 25 80www.claire-ebendinger.fr My work evolves from different mediums, such as drawing, which is often a starting point, but also from photography, writing, and objects. I use the constraints specific to one medium to approach others. Thus, an idea or a gesture, migrating from [&hellip;]<\/p>\n","protected":false},"author":1,"featured_media":0,"parent":0,"menu_order":0,"comment_status":"closed","ping_status":"closed","template":"","meta":{"footnotes":""},"class_list":["post-722","page","type-page","status-publish","hentry"],"yoast_head":"<!-- This site is optimized with the Yoast SEO plugin v24.2 - https:\/\/yoast.com\/wordpress\/plugins\/seo\/ -->\n<title>About - Claire Ebendinger<\/title>\n<meta name=\"robots\" content=\"index, follow, max-snippet:-1, max-image-preview:large, max-video-preview:-1\" \/>\n<link rel=\"canonical\" href=\"https:\/\/www.claire-ebendinger.fr\/?page_id=722\" \/>\n<meta property=\"og:locale\" content=\"en_US\" \/>\n<meta property=\"og:type\" content=\"article\" \/>\n<meta property=\"og:title\" content=\"About - Claire Ebendinger\" \/>\n<meta property=\"og:description\" content=\"Claire Ebendinger(b.1992, France) lives and work in Bergen, Norwaycebendinger@gmail.com+33 (0)6 69 74 25 80www.claire-ebendinger.fr My work evolves from different mediums, such as drawing, which is often a starting point, but also from photography, writing, and objects. I use the constraints specific to one medium to approach others. Thus, an idea or a gesture, migrating from [&hellip;]\" \/>\n<meta property=\"og:url\" content=\"https:\/\/www.claire-ebendinger.fr\/?page_id=722\" \/>\n<meta property=\"og:site_name\" content=\"Claire Ebendinger\" \/>\n<meta property=\"article:modified_time\" content=\"2020-01-14T17:39:31+00:00\" \/>\n<meta name=\"twitter:card\" content=\"summary_large_image\" \/>\n<meta name=\"twitter:label1\" content=\"Est. reading time\" \/>\n\t<meta name=\"twitter:data1\" content=\"2 minutes\" \/>\n<script type=\"application\/ld+json\" class=\"yoast-schema-graph\">{\"@context\":\"https:\/\/schema.org\",\"@graph\":[{\"@type\":\"WebPage\",\"@id\":\"https:\/\/www.claire-ebendinger.fr\/?page_id=722\",\"url\":\"https:\/\/www.claire-ebendinger.fr\/?page_id=722\",\"name\":\"About - Claire Ebendinger\",\"isPartOf\":{\"@id\":\"https:\/\/www.claire-ebendinger.fr\/#website\"},\"datePublished\":\"2020-01-14T16:09:01+00:00\",\"dateModified\":\"2020-01-14T17:39:31+00:00\",\"breadcrumb\":{\"@id\":\"https:\/\/www.claire-ebendinger.fr\/?page_id=722#breadcrumb\"},\"inLanguage\":\"en-US\",\"potentialAction\":[{\"@type\":\"ReadAction\",\"target\":[\"https:\/\/www.claire-ebendinger.fr\/?page_id=722\"]}]},{\"@type\":\"BreadcrumbList\",\"@id\":\"https:\/\/www.claire-ebendinger.fr\/?page_id=722#breadcrumb\",\"itemListElement\":[{\"@type\":\"ListItem\",\"position\":1,\"name\":\"Home\",\"item\":\"https:\/\/www.claire-ebendinger.fr\/\"},{\"@type\":\"ListItem\",\"position\":2,\"name\":\"About\"}]},{\"@type\":\"WebSite\",\"@id\":\"https:\/\/www.claire-ebendinger.fr\/#website\",\"url\":\"https:\/\/www.claire-ebendinger.fr\/\",\"name\":\"Claire Ebendinger\",\"description\":\"\",\"publisher\":{\"@id\":\"https:\/\/www.claire-ebendinger.fr\/#organization\"},\"potentialAction\":[{\"@type\":\"SearchAction\",\"target\":{\"@type\":\"EntryPoint\",\"urlTemplate\":\"https:\/\/www.claire-ebendinger.fr\/?s={search_term_string}\"},\"query-input\":{\"@type\":\"PropertyValueSpecification\",\"valueRequired\":true,\"valueName\":\"search_term_string\"}}],\"inLanguage\":\"en-US\"},{\"@type\":\"Organization\",\"@id\":\"https:\/\/www.claire-ebendinger.fr\/#organization\",\"name\":\"Claire Ebendinger\",\"url\":\"https:\/\/www.claire-ebendinger.fr\/\",\"logo\":{\"@type\":\"ImageObject\",\"inLanguage\":\"en-US\",\"@id\":\"https:\/\/www.claire-ebendinger.fr\/#\/schema\/logo\/image\/\",\"url\":\"https:\/\/www.claire-ebendinger.fr\/wp-content\/uploads\/2021\/08\/logo-site-internet_big.png\",\"contentUrl\":\"https:\/\/www.claire-ebendinger.fr\/wp-content\/uploads\/2021\/08\/logo-site-internet_big.png\",\"width\":2346,\"height\":338,\"caption\":\"Claire Ebendinger\"},\"image\":{\"@id\":\"https:\/\/www.claire-ebendinger.fr\/#\/schema\/logo\/image\/\"}}]}<\/script>\n<!-- \/ Yoast SEO plugin. -->","yoast_head_json":{"title":"About - Claire Ebendinger","robots":{"index":"index","follow":"follow","max-snippet":"max-snippet:-1","max-image-preview":"max-image-preview:large","max-video-preview":"max-video-preview:-1"},"canonical":"https:\/\/www.claire-ebendinger.fr\/?page_id=722","og_locale":"en_US","og_type":"article","og_title":"About - Claire Ebendinger","og_description":"Claire Ebendinger(b.1992, France) lives and work in Bergen, Norwaycebendinger@gmail.com+33 (0)6 69 74 25 80www.claire-ebendinger.fr My work evolves from different mediums, such as drawing, which is often a starting point, but also from photography, writing, and objects. I use the constraints specific to one medium to approach others. Thus, an idea or a gesture, migrating from [&hellip;]","og_url":"https:\/\/www.claire-ebendinger.fr\/?page_id=722","og_site_name":"Claire Ebendinger","article_modified_time":"2020-01-14T17:39:31+00:00","twitter_card":"summary_large_image","twitter_misc":{"Est. reading time":"2 minutes"},"schema":{"@context":"https:\/\/schema.org","@graph":[{"@type":"WebPage","@id":"https:\/\/www.claire-ebendinger.fr\/?page_id=722","url":"https:\/\/www.claire-ebendinger.fr\/?page_id=722","name":"About - Claire Ebendinger","isPartOf":{"@id":"https:\/\/www.claire-ebendinger.fr\/#website"},"datePublished":"2020-01-14T16:09:01+00:00","dateModified":"2020-01-14T17:39:31+00:00","breadcrumb":{"@id":"https:\/\/www.claire-ebendinger.fr\/?page_id=722#breadcrumb"},"inLanguage":"en-US","potentialAction":[{"@type":"ReadAction","target":["https:\/\/www.claire-ebendinger.fr\/?page_id=722"]}]},{"@type":"BreadcrumbList","@id":"https:\/\/www.claire-ebendinger.fr\/?page_id=722#breadcrumb","itemListElement":[{"@type":"ListItem","position":1,"name":"Home","item":"https:\/\/www.claire-ebendinger.fr\/"},{"@type":"ListItem","position":2,"name":"About"}]},{"@type":"WebSite","@id":"https:\/\/www.claire-ebendinger.fr\/#website","url":"https:\/\/www.claire-ebendinger.fr\/","name":"Claire Ebendinger","description":"","publisher":{"@id":"https:\/\/www.claire-ebendinger.fr\/#organization"},"potentialAction":[{"@type":"SearchAction","target":{"@type":"EntryPoint","urlTemplate":"https:\/\/www.claire-ebendinger.fr\/?s={search_term_string}"},"query-input":{"@type":"PropertyValueSpecification","valueRequired":true,"valueName":"search_term_string"}}],"inLanguage":"en-US"},{"@type":"Organization","@id":"https:\/\/www.claire-ebendinger.fr\/#organization","name":"Claire Ebendinger","url":"https:\/\/www.claire-ebendinger.fr\/","logo":{"@type":"ImageObject","inLanguage":"en-US","@id":"https:\/\/www.claire-ebendinger.fr\/#\/schema\/logo\/image\/","url":"https:\/\/www.claire-ebendinger.fr\/wp-content\/uploads\/2021\/08\/logo-site-internet_big.png","contentUrl":"https:\/\/www.claire-ebendinger.fr\/wp-content\/uploads\/2021\/08\/logo-site-internet_big.png","width":2346,"height":338,"caption":"Claire Ebendinger"},"image":{"@id":"https:\/\/www.claire-ebendinger.fr\/#\/schema\/logo\/image\/"}}]}},"_links":{"self":[{"href":"https:\/\/www.claire-ebendinger.fr\/index.php?rest_route=\/wp\/v2\/pages\/722","targetHints":{"allow":["GET"]}}],"collection":[{"href":"https:\/\/www.claire-ebendinger.fr\/index.php?rest_route=\/wp\/v2\/pages"}],"about":[{"href":"https:\/\/www.claire-ebendinger.fr\/index.php?rest_route=\/wp\/v2\/types\/page"}],"author":[{"embeddable":true,"href":"https:\/\/www.claire-ebendinger.fr\/index.php?rest_route=\/wp\/v2\/users\/1"}],"replies":[{"embeddable":true,"href":"https:\/\/www.claire-ebendinger.fr\/index.php?rest_route=%2Fwp%2Fv2%2Fcomments&post=722"}],"version-history":[{"count":4,"href":"https:\/\/www.claire-ebendinger.fr\/index.php?rest_route=\/wp\/v2\/pages\/722\/revisions"}],"predecessor-version":[{"id":792,"href":"https:\/\/www.claire-ebendinger.fr\/index.php?rest_route=\/wp\/v2\/pages\/722\/revisions\/792"}],"wp:attachment":[{"href":"https:\/\/www.claire-ebendinger.fr\/index.php?rest_route=%2Fwp%2Fv2%2Fmedia&parent=722"}],"curies":[{"name":"wp","href":"https:\/\/api.w.org\/{rel}","templated":true}]}}